{"id":945,"date":"2025-05-02T03:05:31","date_gmt":"2025-05-02T01:05:31","guid":{"rendered":"https:\/\/cofficelleida.com\/?page_id=945"},"modified":"2025-05-05T22:40:56","modified_gmt":"2025-05-05T20:40:56","slug":"ofertas-del-dia","status":"publish","type":"page","link":"https:\/\/cofficelleida.com\/ca\/ofertas-del-dia\/","title":{"rendered":"Ofertes del dia"},"content":{"rendered":"<div class=\"wp-block-stackable-columns alignfull stk-block-columns stk-block stk-c2a98d6 stk-block-background stk--has-background-overlay\" data-block-id=\"c2a98d6\"><style>.stk-c2a98d6 {background-image:url(https:\/\/cofficelleida.com\/wp-content\/uploads\/2022\/05\/blog-image-5.webp) !important;min-height:900px !important;align-items:center !important;display:flex !important;}<\/style><div class=\"stk-row stk-inner-blocks stk-block-content stk-content-align stk-c2a98d6-column alignwide\">\n<div class=\"wp-block-stackable-column stk-block-column stk-column stk-block stk-b100bdc\" data-v=\"4\" data-block-id=\"b100bdc\"><div class=\"stk-column-wrapper stk-block-column__content stk-container stk-b100bdc-container stk--no-background stk--no-padding\"><div class=\"stk-block-content stk-inner-blocks stk-b100bdc-inner-blocks\">\n<div class=\"wp-block-stackable-heading stk-block-heading stk-block-heading--v2 stk-block stk-b999154\" id=\"span-style-color-ffffff-class-stk-highlight-ofertas-del-dia-span\" data-block-id=\"b999154\"><style>.stk-b999154 .stk-block-heading__text{font-size:75px !important;}@media screen and (max-width:999px){.stk-b999154 .stk-block-heading__text{font-size:50px !important;}}<\/style><h1 class=\"stk-block-heading__text has-text-align-center\"><span style=\"color: #ffffff;\" class=\"stk-highlight\">Ofertes del Dia<\/span><\/h1><\/div>\n\n\n\n\n\n\n<div class=\"wp-block-stackable-text stk-block-text stk-block stk-9cd9a0a\" data-block-id=\"9cd9a0a\"><style>.stk-9cd9a0a .stk-block-text__text{font-size:23px !important;}@media screen and (max-width:999px){.stk-9cd9a0a .stk-block-text__text{font-size:23px !important;}}<\/style><p class=\"stk-block-text__text has-text-align-center\"><strong><span style=\"color: #ffffff;\" class=\"stk-highlight\">Moments especials, preus irresistibles.<\/span><\/strong><br><span style=\"color: #ffffff;\" class=\"stk-highlight\">A Coffice sabem que cada moment del dia t\u00e9 el seu propi ritme, i per aix\u00f2 hem creat ofertes pensades per acompanyar-te al mat\u00ed amb energia i a la tarda amb sabor i calma.<\/span><\/p><\/div>\n\n\n\n<div class=\"wp-block-stackable-button-group stk-block-button-group stk-block stk-b690102\" data-block-id=\"b690102\"><div class=\"stk-row stk-inner-blocks has-text-align-center stk-block-content stk-button-group\">\n<div class=\"wp-block-stackable-button stk-block-button has-text-align-center stk-block stk-2cae169\" data-block-id=\"2cae169\"><a class=\"stk-link stk-button stk--hover-effect-darken\" href=\"#ofertasdema\u00f1ana\"><span class=\"stk-button__inner-text\"><strong>OFERTES DEL MAT\u00cd<\/strong><\/span><\/a><\/div>\n\n\n\n<div class=\"wp-block-stackable-button stk-block-button stk-block stk-972e21d\" data-block-id=\"972e21d\"><a class=\"stk-link stk-button stk--hover-effect-darken\" href=\"#ofertasdetarde\"><span class=\"stk-button__inner-text\"><strong>OFERTES DE LA TARDA<\/strong><\/span><\/a><\/div>\n<\/div><\/div>\n\n\n\n<div class=\"wp-block-stackable-spacer stk-block-spacer stk--no-padding stk-block stk-5267b04\" data-block-id=\"5267b04\"><style>.stk-5267b04 {height:350px !important;}<\/style><\/div>\n<\/div><\/div><\/div>\n<\/div><\/div>\n\n\n\n<div class=\"wp-block-stackable-columns alignfull stk-block-columns stk-block stk-bf285ac stk-block-background stk--has-background-overlay\" id=\"Bebidas\" data-block-id=\"bf285ac\"><style>.stk-bf285ac {background-color:#000000 !important;background-image:url(https:\/\/cofficelleida.com\/wp-content\/uploads\/2022\/07\/reservation-background.webp) !important;padding-top:100px !important;padding-bottom:100px !important;margin-bottom:105px !important;}.stk-bf285ac:before{background-color:#000000 !important;opacity:0.7 !important;}@media screen and (max-width:999px){.stk-bf285ac {padding-top:70px !important;padding-bottom:70px !important;}}<\/style><div class=\"stk-row stk-inner-blocks stk-block-content stk-content-align stk-bf285ac-column\">\n<div class=\"wp-block-stackable-column stk-block-column stk-column stk-block stk-eedabc3\" data-v=\"4\" data-block-id=\"eedabc3\"><style>.stk-eedabc3-container{margin-top:0px !important;margin-right:0px !important;margin-bottom:0px !important;margin-left:0px !important;}<\/style><div class=\"stk-column-wrapper stk-block-column__content stk-container stk-eedabc3-container stk--no-background stk--no-padding\"><div class=\"stk-block-content stk-inner-blocks stk-eedabc3-inner-blocks\">\n<div class=\"wp-block-stackable-heading stk-block-heading stk-block-heading--v2 stk-block stk-0a353fb\" id=\"span-style-color-var-theme-palette-color-8-ffffff-class-stk-highlight-\ud83c\udf1e-strong-ofertas-del-dia-manana-y-tarde-strong-span\" data-block-id=\"0a353fb\"><style>.stk-0a353fb {margin-bottom:15px !important;}.stk-0a353fb .stk-block-heading__text{font-size:45px !important;}@media screen and (max-width:999px){.stk-0a353fb .stk-block-heading__text{font-size:35px !important;}}<\/style><h2 class=\"stk-block-heading__text has-text-align-center\"><span style=\"color: var(--theme-palette-color-8, #ffffff);\" class=\"stk-highlight\">\ud83c\udf1e <strong>Ofertes del Dia \u2013 Mat\u00ed i Tarda<\/strong><\/span><\/h2><\/div>\n\n\n\n<div class=\"wp-block-stackable-text stk-block-text stk-block stk-58dd927\" id=\"choose-your-menu\" data-block-id=\"58dd927\"><style>.stk-58dd927 {border-style:solid !important;border-top-width:0px !important;border-right-width:0px !important;border-bottom-width:0px !important;border-left-width:0px !important;max-width:800px !important;min-width:auto !important;margin-right:auto !important;margin-bottom:0px !important;margin-left:auto !important;}<\/style><p class=\"stk-block-text__text has-text-align-center\"><span style=\"color: #ffffff;\" class=\"stk-highlight\">A Coffice sabem que cada moment del dia t\u00e9 el seu propi ritme, i per aix\u00f2 hem creat ofertes pensades per acompanyar-te al mat\u00ed amb energia i a la tarda amb sabor i calma.<\/span><\/p><\/div>\n\n\n\n<div class=\"wp-block-stackable-columns stk-block-columns stk-block stk-69accae\" data-block-id=\"69accae\"><style>.stk-69accae {margin-bottom:0px !important;}<\/style><div class=\"stk-row stk-inner-blocks stk-block-content stk-content-align stk-69accae-column\">\n<div class=\"wp-block-stackable-column stk-block-column stk-column stk-block stk-d48d6f4\" data-v=\"4\" data-block-id=\"d48d6f4\"><div class=\"stk-column-wrapper stk-block-column__content stk-container stk-d48d6f4-container stk--no-background stk--no-padding\"><div class=\"stk-block-content stk-inner-blocks stk-d48d6f4-inner-blocks\">\n<div class=\"wp-block-stackable-text stk-block-text stk-block stk-657a5d0\" data-block-id=\"657a5d0\"><p class=\"stk-block-text__text has-text-align-center\"><strong><span style=\"color: #ffffff;\" class=\"stk-highlight\">\u2600\ufe0f Ofertes del mat\u00ed<\/span><\/strong><br><span style=\"color: #ffffff;\" class=\"stk-highlight\"><strong>Comen\u00e7a el dia amb el millor de Coffice<\/strong><br>Gaudeix de les nostres combinacions especials d'esmorzar: caf\u00e8 de especialitat + croissant, torrades o empanada colombiana acabada de fornejar a un preu \u00fanic.<br>Perfectes per a aquells que van a la feina, fan la compra o simplement volen un moment de pausa amb sabor.<\/span><\/p><\/div>\n<\/div><\/div><\/div>\n\n\n\n<div class=\"wp-block-stackable-column stk-block-column stk-column stk-block stk-a1cef9e\" data-v=\"4\" data-block-id=\"a1cef9e\"><div class=\"stk-column-wrapper stk-block-column__content stk-container stk-a1cef9e-container stk--no-background stk--no-padding\"><div class=\"stk-block-content stk-inner-blocks stk-a1cef9e-inner-blocks\">\n<div class=\"wp-block-stackable-text stk-block-text stk-block stk-18356ad\" data-block-id=\"18356ad\"><p class=\"stk-block-text__text has-text-align-center\">\ud83c\udf07<span style=\"color: #ffffff;\" class=\"stk-highlight\"> <strong>\ud83c\udf07\u00a0Ofertes de la tarda<\/strong><br><strong>Un descans merescut despr\u00e9s d\u2019un llarg dia<\/strong><br>Vine per una beguda freda, una infusi\u00f3 o una canya Estrella Galicia i acompanya-la amb alguna cosa dol\u00e7a o salada.<br>Descobreix les nostres berenars combinats amb preus especials perqu\u00e8 recarreguis energies sense gastar de m\u00e9s.<\/span><\/p><\/div>\n<\/div><\/div><\/div>\n<\/div><\/div>\n\n\n\n<div class=\"wp-block-stackable-spacer stk-block-spacer stk--no-padding stk-block stk-d638b6e\" data-block-id=\"d638b6e\"><style>@media screen and (max-width:999px){.stk-d638b6e {height:30px !important;}}<\/style><\/div>\n\n\n\n<div class=\"wp-block-stackable-columns stk-block-columns stk-block stk-85b3310\" data-block-id=\"85b3310\"><style>.stk-85b3310 {margin-bottom:-150px !important;z-index:2 !important;overflow:visible !important;}.stk-85b3310 .stk-container{overflow:visible !important;}.stk-85b3310-column{--stk-column-gap:30px !important;row-gap:30px !important;}<\/style><div class=\"stk-row stk-inner-blocks stk-block-content stk-content-align stk-85b3310-column\">\n<div class=\"wp-block-stackable-column stk-block-column stk-column stk-block stk-6f75273\" data-v=\"4\" data-block-id=\"6f75273\"><style>.stk-6f75273-container{margin-top:0px !important;margin-right:0px !important;margin-bottom:0px !important;margin-left:0px !important;max-width:1500px !important;min-width:auto !important;padding-top:0px !important;padding-right:0px !important;padding-bottom:0px !important;padding-left:0px !important;}@media screen and (max-width:999px){.stk-6f75273-container{padding-top:50px !important;padding-right:35px !important;padding-bottom:50px !important;padding-left:35px !important;}}<\/style><div class=\"stk-column-wrapper stk-block-column__content stk-container stk-6f75273-container stk--no-background stk--no-padding\"><div class=\"stk-block-content stk-inner-blocks stk-6f75273-inner-blocks\">\n<div class=\"wp-block-stackable-carousel stk-block-carousel stk--is-slide stk--arrows-justify-space-between stk--arrows-align-center stk-block stk-63c0347\" data-slides-to-show=\"\" data-block-id=\"63c0347\"><div class=\"stk-block-carousel__content-wrapper\"><div class=\"stk-row stk-inner-blocks stk-block-content stk-block-carousel__slider-wrapper stk-content-align stk-63c0347-column\"><div class=\"stk-block-carousel__slider\" role=\"list\" data-label-slide-of=\"Slide %%d of %%d\">\n<div class=\"wp-block-stackable-column stk-block-column stk-column stk-block stk-dfc39e5\" data-v=\"4\" data-block-id=\"dfc39e5\"><div class=\"stk-column-wrapper stk-block-column__content stk-container stk-dfc39e5-container stk--no-background stk--no-padding\"><div class=\"stk-block-content stk-inner-blocks stk-dfc39e5-inner-blocks\">\n<div class=\"wp-block-stackable-image stk-block-image stk-block stk-81b4630\" id=\"ofertasdema\u00f1ana\" data-block-id=\"81b4630\"><figure><span class=\"stk-img-wrapper stk-image--shape-stretch\"><img loading=\"lazy\" decoding=\"async\" class=\"stk-img wp-image-1169\" src=\"https:\/\/cofficelleida.com\/wp-content\/uploads\/2025\/05\/CARTA-1.png\" width=\"1414\" height=\"2000\" srcset=\"https:\/\/cofficelleida.com\/wp-content\/uploads\/2025\/05\/CARTA-1.png 1414w, https:\/\/cofficelleida.com\/wp-content\/uploads\/2025\/05\/CARTA-1-212x300.png 212w, https:\/\/cofficelleida.com\/wp-content\/uploads\/2025\/05\/CARTA-1-724x1024.png 724w, https:\/\/cofficelleida.com\/wp-content\/uploads\/2025\/05\/CARTA-1-768x1086.png 768w, https:\/\/cofficelleida.com\/wp-content\/uploads\/2025\/05\/CARTA-1-1086x1536.png 1086w, https:\/\/cofficelleida.com\/wp-content\/uploads\/2025\/05\/CARTA-1-8x12.png 8w, https:\/\/cofficelleida.com\/wp-content\/uploads\/2025\/05\/CARTA-1-750x1061.png 750w\" sizes=\"auto, (max-width: 1414px) 100vw, 1414px\" \/><\/span><\/figure><\/div>\n\n\n\n<div class=\"wp-block-stackable-button-group stk-block-button-group stk-block stk-443bd77\" data-block-id=\"443bd77\"><style>.stk-443bd77 .stk-inner-blocks{column-gap:20px !important;row-gap:20px !important;}<\/style><div class=\"stk-row stk-inner-blocks has-text-align-center stk-block-content stk-button-group\">\n<div class=\"wp-block-stackable-button stk-block-button stk-block stk-dfab839\" data-block-id=\"dfab839\"><style>.stk-dfab839 {margin-top:0px !important;margin-right:0px !important;margin-bottom:0px !important;margin-left:0px !important;}.stk-dfab839 .stk-button{padding-top:16px !important;padding-right:35px !important;padding-bottom:16px !important;padding-left:35px !important;}.stk-dfab839 .stk-button:hover:after{background:var(--theme-palette-color-2, #55a630) !important;opacity:1 !important;}.stk-dfab839 .stk-button .stk--inner-svg svg:last-child{margin-inline-start:8px !important;}.stk-dfab839 .stk-button__inner-text{font-size:18px !important;font-weight:500 !important;}@media screen and (max-width:999px){.stk-dfab839 .stk-button__inner-text{font-size:18px !important;}}<\/style><a class=\"stk-link stk-button\" href=\"https:\/\/cofficelleida.com\/ca\/contactanos\/\"><span class=\"stk-button__inner-text\">Reserva<\/span><\/a><\/div>\n<\/div><\/div>\n<\/div><\/div><\/div>\n\n\n\n<div class=\"wp-block-stackable-column stk-block-column stk-column stk-block stk-4746535\" data-v=\"4\" data-block-id=\"4746535\"><div class=\"stk-column-wrapper stk-block-column__content stk-container stk-4746535-container stk--no-background stk--no-padding\"><div class=\"stk-block-content stk-inner-blocks stk-4746535-inner-blocks\">\n<div class=\"wp-block-stackable-image stk-block-image stk-block stk-428f5ef\" data-block-id=\"428f5ef\"><figure><span class=\"stk-img-wrapper stk-image--shape-stretch\"><img loading=\"lazy\" decoding=\"async\" class=\"stk-img wp-image-1169\" src=\"https:\/\/cofficelleida.com\/wp-content\/uploads\/2025\/05\/CARTA-1.png\" width=\"1414\" height=\"2000\" srcset=\"https:\/\/cofficelleida.com\/wp-content\/uploads\/2025\/05\/CARTA-1.png 1414w, https:\/\/cofficelleida.com\/wp-content\/uploads\/2025\/05\/CARTA-1-212x300.png 212w, https:\/\/cofficelleida.com\/wp-content\/uploads\/2025\/05\/CARTA-1-724x1024.png 724w, https:\/\/cofficelleida.com\/wp-content\/uploads\/2025\/05\/CARTA-1-768x1086.png 768w, https:\/\/cofficelleida.com\/wp-content\/uploads\/2025\/05\/CARTA-1-1086x1536.png 1086w, https:\/\/cofficelleida.com\/wp-content\/uploads\/2025\/05\/CARTA-1-8x12.png 8w, https:\/\/cofficelleida.com\/wp-content\/uploads\/2025\/05\/CARTA-1-750x1061.png 750w\" sizes=\"auto, (max-width: 1414px) 100vw, 1414px\" \/><\/span><\/figure><\/div>\n\n\n\n<div class=\"wp-block-stackable-button-group stk-block-button-group stk-block stk-524c7f0\" data-block-id=\"524c7f0\"><style>.stk-524c7f0 .stk-inner-blocks{column-gap:20px !important;row-gap:20px !important;}<\/style><div class=\"stk-row stk-inner-blocks has-text-align-center stk-block-content stk-button-group\">\n<div class=\"wp-block-stackable-button stk-block-button stk-block stk-1aa52de\" data-block-id=\"1aa52de\"><style>.stk-1aa52de {margin-top:0px !important;margin-right:0px !important;margin-bottom:0px !important;margin-left:0px !important;}.stk-1aa52de .stk-button{padding-top:16px !important;padding-right:35px !important;padding-bottom:16px !important;padding-left:35px !important;}.stk-1aa52de .stk-button:hover:after{background:var(--theme-palette-color-2, #55a630) !important;opacity:1 !important;}.stk-1aa52de .stk-button .stk--inner-svg svg:last-child{margin-inline-start:8px !important;}.stk-1aa52de .stk-button__inner-text{font-size:18px !important;font-weight:500 !important;}@media screen and (max-width:999px){.stk-1aa52de .stk-button__inner-text{font-size:18px !important;}}<\/style><a class=\"stk-link stk-button\" href=\"https:\/\/cofficelleida.com\/ca\/contactanos\/\"><span class=\"stk-button__inner-text\">Reserva<\/span><\/a><\/div>\n<\/div><\/div>\n<\/div><\/div><\/div>\n<\/div><div class=\"stk-block-carousel__buttons\"><button class=\"stk-block-carousel__button stk-block-carousel__button__prev\" aria-label=\"Previous slide\"><svg aria-hidden=\"true\" focusable=\"false\" data-prefix=\"fas\" data-icon=\"chevron-left\" class=\"svg-inline--fa fa-chevron-left\" xmlns=\"http:\/\/www.w3.org\/2000\/svg\" viewbox=\"0 0 320 512\" width=\"32\" height=\"32\"><path d=\"M34.52 239.03L228.87 44.69c9.37-9.37 24.57-9.37 33.94 0l22.67 22.67c9.36 9.36 9.37 24.52.04 33.9L131.49 256l154.02 154.75c9.34 9.38 9.32 24.54-.04 33.9l-22.67 22.67c-9.37 9.37-24.57 9.37-33.94 0L34.52 272.97c-9.37-9.37-9.37-24.57 0-33.94z\"><\/path><\/svg><\/button><button class=\"stk-block-carousel__button stk-block-carousel__button__next\" aria-label=\"Next slide\"><svg aria-hidden=\"true\" focusable=\"false\" data-prefix=\"fas\" data-icon=\"chevron-right\" class=\"svg-inline--fa fa-chevron-right\" xmlns=\"http:\/\/www.w3.org\/2000\/svg\" viewbox=\"0 0 320 512\" width=\"32\" height=\"32\"><path d=\"M285.476 272.971L91.132 467.314c-9.373 9.373-24.569 9.373-33.941 0l-22.667-22.667c-9.357-9.357-9.375-24.522-.04-33.901L188.505 256 34.484 101.255c-9.335-9.379-9.317-24.544.04-33.901l22.667-22.667c9.373-9.373 24.569-9.373 33.941 0L285.475 239.03c9.373 9.372 9.373 24.568.001 33.941z\"><\/path><\/svg><\/button><\/div><\/div><div class=\"stk-block-carousel__dots\" role=\"list\" data-label=\"Slide %%d\"><\/div><\/div><\/div>\n<\/div><\/div><\/div>\n\n\n\n<div class=\"wp-block-stackable-column stk-block-column stk-column stk-block stk-b0ec734\" data-v=\"4\" data-block-id=\"b0ec734\"><style>.stk-b0ec734-container{margin-top:0px !important;margin-right:0px !important;margin-bottom:0px !important;margin-left:0px !important;padding-top:0px !important;padding-right:0px !important;padding-bottom:0px !important;padding-left:0px !important;}@media screen and (max-width:999px){.stk-b0ec734-container{padding-top:50px !important;padding-right:35px !important;padding-bottom:50px !important;padding-left:35px !important;}}<\/style><div class=\"stk-column-wrapper stk-block-column__content stk-container stk-b0ec734-container stk--no-background stk--no-padding\"><div class=\"stk-block-content stk-inner-blocks stk-b0ec734-inner-blocks\">\n<div class=\"wp-block-stackable-carousel stk-block-carousel stk--is-slide stk--arrows-justify-space-between stk--arrows-align-center stk-block stk-c69c0c0\" data-slides-to-show=\"\" data-block-id=\"c69c0c0\"><div class=\"stk-block-carousel__content-wrapper\"><div class=\"stk-row stk-inner-blocks stk-block-content stk-block-carousel__slider-wrapper stk-content-align stk-c69c0c0-column\"><div class=\"stk-block-carousel__slider\" role=\"list\" data-label-slide-of=\"Slide %%d of %%d\">\n<div class=\"wp-block-stackable-column stk-block-column stk-column stk-block stk-8251707\" data-v=\"4\" data-block-id=\"8251707\"><div class=\"stk-column-wrapper stk-block-column__content stk-container stk-8251707-container stk--no-background stk--no-padding\"><div class=\"stk-block-content stk-inner-blocks stk-8251707-inner-blocks\">\n<div class=\"wp-block-stackable-image stk-block-image stk-block stk-714ef32\" id=\"ofertasdetarde\" data-block-id=\"714ef32\"><style>.stk-714ef32 {padding-top:0px !important;padding-right:0px !important;padding-bottom:0px !important;padding-left:0px !important;}<\/style><figure><span class=\"stk-img-wrapper stk-image--shape-stretch\"><img loading=\"lazy\" decoding=\"async\" class=\"stk-img wp-image-1170\" src=\"https:\/\/cofficelleida.com\/wp-content\/uploads\/2025\/05\/OFERTAS-TARDE.png\" width=\"1414\" height=\"2000\" srcset=\"https:\/\/cofficelleida.com\/wp-content\/uploads\/2025\/05\/OFERTAS-TARDE.png 1414w, https:\/\/cofficelleida.com\/wp-content\/uploads\/2025\/05\/OFERTAS-TARDE-212x300.png 212w, https:\/\/cofficelleida.com\/wp-content\/uploads\/2025\/05\/OFERTAS-TARDE-724x1024.png 724w, https:\/\/cofficelleida.com\/wp-content\/uploads\/2025\/05\/OFERTAS-TARDE-768x1086.png 768w, https:\/\/cofficelleida.com\/wp-content\/uploads\/2025\/05\/OFERTAS-TARDE-1086x1536.png 1086w, https:\/\/cofficelleida.com\/wp-content\/uploads\/2025\/05\/OFERTAS-TARDE-8x12.png 8w, https:\/\/cofficelleida.com\/wp-content\/uploads\/2025\/05\/OFERTAS-TARDE-750x1061.png 750w\" sizes=\"auto, (max-width: 1414px) 100vw, 1414px\" \/><\/span><\/figure><\/div>\n\n\n\n<div class=\"wp-block-stackable-button-group stk-block-button-group stk-block stk-52759b2\" data-block-id=\"52759b2\"><style>.stk-52759b2 .stk-inner-blocks{column-gap:20px !important;row-gap:20px !important;}<\/style><div class=\"stk-row stk-inner-blocks has-text-align-center stk-block-content stk-button-group\">\n<div class=\"wp-block-stackable-button stk-block-button stk-block stk-420a61c\" data-block-id=\"420a61c\"><style>.stk-420a61c {margin-top:0px !important;margin-right:0px !important;margin-bottom:0px !important;margin-left:0px !important;}.stk-420a61c .stk-button{padding-top:16px !important;padding-right:35px !important;padding-bottom:16px !important;padding-left:35px !important;}.stk-420a61c .stk-button:hover:after{background:var(--theme-palette-color-2, #55a630) !important;opacity:1 !important;}.stk-420a61c .stk-button .stk--inner-svg svg:last-child{margin-inline-start:8px !important;}.stk-420a61c .stk-button__inner-text{font-size:18px !important;font-weight:500 !important;}@media screen and (max-width:999px){.stk-420a61c .stk-button__inner-text{font-size:18px !important;}}<\/style><a class=\"stk-link stk-button\" href=\"https:\/\/cofficelleida.com\/ca\/contactanos\/\"><span class=\"stk-button__inner-text\">Reserva<\/span><\/a><\/div>\n<\/div><\/div>\n<\/div><\/div><\/div>\n\n\n\n<div class=\"wp-block-stackable-column stk-block-column stk-column stk-block stk-d07e90c\" data-v=\"4\" data-block-id=\"d07e90c\"><div class=\"stk-column-wrapper stk-block-column__content stk-container stk-d07e90c-container stk--no-background stk--no-padding\"><div class=\"stk-block-content stk-inner-blocks stk-d07e90c-inner-blocks\">\n<div class=\"wp-block-stackable-image stk-block-image stk-block stk-6d89f73\" data-block-id=\"6d89f73\"><figure><span class=\"stk-img-wrapper stk-image--shape-stretch\"><img loading=\"lazy\" decoding=\"async\" class=\"stk-img wp-image-1170\" src=\"https:\/\/cofficelleida.com\/wp-content\/uploads\/2025\/05\/OFERTAS-TARDE.png\" width=\"1414\" height=\"2000\" srcset=\"https:\/\/cofficelleida.com\/wp-content\/uploads\/2025\/05\/OFERTAS-TARDE.png 1414w, https:\/\/cofficelleida.com\/wp-content\/uploads\/2025\/05\/OFERTAS-TARDE-212x300.png 212w, https:\/\/cofficelleida.com\/wp-content\/uploads\/2025\/05\/OFERTAS-TARDE-724x1024.png 724w, https:\/\/cofficelleida.com\/wp-content\/uploads\/2025\/05\/OFERTAS-TARDE-768x1086.png 768w, https:\/\/cofficelleida.com\/wp-content\/uploads\/2025\/05\/OFERTAS-TARDE-1086x1536.png 1086w, https:\/\/cofficelleida.com\/wp-content\/uploads\/2025\/05\/OFERTAS-TARDE-8x12.png 8w, https:\/\/cofficelleida.com\/wp-content\/uploads\/2025\/05\/OFERTAS-TARDE-750x1061.png 750w\" sizes=\"auto, (max-width: 1414px) 100vw, 1414px\" \/><\/span><\/figure><\/div>\n\n\n\n<div class=\"wp-block-stackable-button-group stk-block-button-group stk-block stk-286f125\" data-block-id=\"286f125\"><style>.stk-286f125 .stk-inner-blocks{column-gap:20px !important;row-gap:20px !important;}<\/style><div class=\"stk-row stk-inner-blocks has-text-align-center stk-block-content stk-button-group\">\n<div class=\"wp-block-stackable-button stk-block-button stk-block stk-e5dc56b\" data-block-id=\"e5dc56b\"><style>.stk-e5dc56b {margin-top:0px !important;margin-right:0px !important;margin-bottom:0px !important;margin-left:0px !important;}.stk-e5dc56b .stk-button{padding-top:16px !important;padding-right:35px !important;padding-bottom:16px !important;padding-left:35px !important;}.stk-e5dc56b .stk-button:hover:after{background:var(--theme-palette-color-2, #55a630) !important;opacity:1 !important;}.stk-e5dc56b .stk-button .stk--inner-svg svg:last-child{margin-inline-start:8px !important;}.stk-e5dc56b .stk-button__inner-text{font-size:18px !important;font-weight:500 !important;}@media screen and (max-width:999px){.stk-e5dc56b .stk-button__inner-text{font-size:18px !important;}}<\/style><a class=\"stk-link stk-button\" href=\"https:\/\/cofficelleida.com\/ca\/contactanos\/\"><span class=\"stk-button__inner-text\">Reserva<\/span><\/a><\/div>\n<\/div><\/div>\n<\/div><\/div><\/div>\n<\/div><div class=\"stk-block-carousel__buttons\"><button class=\"stk-block-carousel__button stk-block-carousel__button__prev\" aria-label=\"Previous slide\"><svg aria-hidden=\"true\" focusable=\"false\" data-prefix=\"fas\" data-icon=\"chevron-left\" class=\"svg-inline--fa fa-chevron-left\" xmlns=\"http:\/\/www.w3.org\/2000\/svg\" viewbox=\"0 0 320 512\" width=\"32\" height=\"32\"><path d=\"M34.52 239.03L228.87 44.69c9.37-9.37 24.57-9.37 33.94 0l22.67 22.67c9.36 9.36 9.37 24.52.04 33.9L131.49 256l154.02 154.75c9.34 9.38 9.32 24.54-.04 33.9l-22.67 22.67c-9.37 9.37-24.57 9.37-33.94 0L34.52 272.97c-9.37-9.37-9.37-24.57 0-33.94z\"><\/path><\/svg><\/button><button class=\"stk-block-carousel__button stk-block-carousel__button__next\" aria-label=\"Next slide\"><svg aria-hidden=\"true\" focusable=\"false\" data-prefix=\"fas\" data-icon=\"chevron-right\" class=\"svg-inline--fa fa-chevron-right\" xmlns=\"http:\/\/www.w3.org\/2000\/svg\" viewbox=\"0 0 320 512\" width=\"32\" height=\"32\"><path d=\"M285.476 272.971L91.132 467.314c-9.373 9.373-24.569 9.373-33.941 0l-22.667-22.667c-9.357-9.357-9.375-24.522-.04-33.901L188.505 256 34.484 101.255c-9.335-9.379-9.317-24.544.04-33.901l22.667-22.667c9.373-9.373 24.569-9.373 33.941 0L285.475 239.03c9.373 9.372 9.373 24.568.001 33.941z\"><\/path><\/svg><\/button><\/div><\/div><div class=\"stk-block-carousel__dots\" role=\"list\" data-label=\"Slide %%d\"><\/div><\/div><\/div>\n\n\n\n<div class=\"wp-block-stackable-spacer stk-block-spacer stk--no-padding stk-block stk-dd5eccb\" data-block-id=\"dd5eccb\"><\/div>\n<\/div><\/div><\/div>\n<\/div><\/div>\n<\/div><\/div><\/div>\n<\/div><\/div>","protected":false},"excerpt":{"rendered":"<p>OFERTAS DEL D\u00cdA Momentos especiales, precios irresistiblesEn Coffice sabemos que cada momento del d\u00eda tiene su propio ritmo, y por eso creamos ofertas pensadas para acompa\u00f1arte en la ma\u00f1ana con energ\u00eda, y en la tarde con sabor y calma. OFERTAS DE LA MA\u00d1ANA OFERTAS DE LA TARDE \ud83c\udf1e Ofertas del D\u00eda \u2013 Ma\u00f1ana y Tarde [&hellip;]<\/p>\n","protected":false},"author":1,"featured_media":0,"parent":0,"menu_order":0,"comment_status":"closed","ping_status":"closed","template":"","meta":{"footnotes":""},"class_list":["post-945","page","type-page","status-publish","hentry"],"blocksy_meta":[],"_links":{"self":[{"href":"https:\/\/cofficelleida.com\/ca\/wp-json\/wp\/v2\/pages\/945","targetHints":{"allow":["GET"]}}],"collection":[{"href":"https:\/\/cofficelleida.com\/ca\/wp-json\/wp\/v2\/pages"}],"about":[{"href":"https:\/\/cofficelleida.com\/ca\/wp-json\/wp\/v2\/types\/page"}],"author":[{"embeddable":true,"href":"https:\/\/cofficelleida.com\/ca\/wp-json\/wp\/v2\/users\/1"}],"replies":[{"embeddable":true,"href":"https:\/\/cofficelleida.com\/ca\/wp-json\/wp\/v2\/comments?post=945"}],"version-history":[{"count":14,"href":"https:\/\/cofficelleida.com\/ca\/wp-json\/wp\/v2\/pages\/945\/revisions"}],"predecessor-version":[{"id":1184,"href":"https:\/\/cofficelleida.com\/ca\/wp-json\/wp\/v2\/pages\/945\/revisions\/1184"}],"wp:attachment":[{"href":"https:\/\/cofficelleida.com\/ca\/wp-json\/wp\/v2\/media?parent=945"}],"curies":[{"name":"wp","href":"https:\/\/api.w.org\/{rel}","templated":true}]}}