{"id":1233,"date":"2025-05-30T15:59:47","date_gmt":"2025-05-30T13:59:47","guid":{"rendered":"https:\/\/cofficelleida.com\/?page_id=1233"},"modified":"2025-05-30T16:01:55","modified_gmt":"2025-05-30T14:01:55","slug":"menu","status":"publish","type":"page","link":"https:\/\/cofficelleida.com\/ca\/menu\/","title":{"rendered":"Men\u00fa Del Dia"},"content":{"rendered":"<div class=\"wp-block-stackable-columns alignfull stk-block-columns stk-block stk-c2a98d6 stk-block-background stk--has-background-overlay\" data-block-id=\"c2a98d6\"><style>.stk-c2a98d6 {background-image:url(https:\/\/cofficelleida.com\/wp-content\/uploads\/2022\/07\/reservation-background.webp) !important;min-height:900px !important;align-items:center !important;margin-bottom:37px !important;display:flex !important;}<\/style><div class=\"stk-row stk-inner-blocks stk-block-content stk-content-align stk-c2a98d6-column alignwide\">\n<div class=\"wp-block-stackable-column stk-block-column stk-column stk-block stk-b100bdc\" data-v=\"4\" data-block-id=\"b100bdc\"><div class=\"stk-column-wrapper stk-block-column__content stk-container stk-b100bdc-container stk--no-background stk--no-padding\"><div class=\"stk-block-content stk-inner-blocks stk-b100bdc-inner-blocks\">\n<div class=\"wp-block-stackable-heading stk-block-heading stk-block-heading--v2 stk-block stk-b999154\" id=\"span-style-color-ffffff-class-stk-highlight-menu-del-dia-span\" data-block-id=\"b999154\"><style>.stk-b999154 .stk-block-heading__text{font-size:75px !important;}@media screen and (max-width:999px){.stk-b999154 .stk-block-heading__text{font-size:50px !important;}}<\/style><h1 class=\"stk-block-heading__text has-text-align-center\"><span style=\"color: #ffffff;\" class=\"stk-highlight\">Men\u00fa Del Dia<\/span><\/h1><\/div>\n\n\n\n\n\n\n<div class=\"wp-block-stackable-text stk-block-text stk-block stk-9cd9a0a\" data-block-id=\"9cd9a0a\"><style>.stk-9cd9a0a .stk-block-text__text{font-size:23px !important;color:#fffefe !important;}@media screen and (max-width:999px){.stk-9cd9a0a .stk-block-text__text{font-size:23px !important;}}<\/style><p class=\"stk-block-text__text has-text-color has-text-align-center\">\ud83e\udd57 Descobreix el nostre <strong>men\u00fa del dia a Lleida<\/strong>, una proposta saborosa, equilibrada i pensada per a tots els gustos. A <strong>Coffice<\/strong>, combinem ingredients frescos, receptes casolanes i un ambient acollidor perqu\u00e8 cada dinar sigui una experi\u00e8ncia que vulguis repetir.<br>Ideal per menjar b\u00e9 entre setmana, r\u00e0pid per\u00f2 sense perdre qualitat. Tant si treballes a prop, estudies o simplement est\u00e0s de pas, el nostre men\u00fa \u00e9s l'opci\u00f3 perfecta per recarregar energies.<br><span style=\"color: #ffffff;\" class=\"stk-highlight\">\ud83d\udccd Vine a provar-lo al <strong><a href=\"https:\/\/www.google.com\/maps\/place\/Coffice\/@41.6171152,0.6106591,17z\/data=!3m1!4b1!4m6!3m5!1s0x12a6e017aaa3568f:0x1b5cf127b11dcc3b!8m2!3d41.6171112!4d0.613234!16s%2Fg%2F11c550wl__?entry=ttu&amp;g_ep=EgoyMDI1MDQzMC4xIKXMDSoASAFQAw%3D%3D\" data-type=\"link\" data-id=\"https:\/\/www.google.com\/maps\/place\/Coffice\/@41.6171152,0.6106591,17z\/data=!3m1!4b1!4m6!3m5!1s0x12a6e017aaa3568f:0x1b5cf127b11dcc3b!8m2!3d41.6171112!4d0.613234!16s%2Fg%2F11c550wl__?entry=ttu&amp;g_ep=EgoyMDI1MDQzMC4xIKXMDSoASAFQAw%3D%3D\">Carrefour de Lleida<\/a><\/strong>, en ple centre.<br>\u2764\ufe0f Menjar amb \u00e0nima, fet cada dia amb estima.<\/span><\/p><\/div>\n<\/div><\/div><\/div>\n<\/div><\/div>\n\n\n\n<div class=\"wp-block-stackable-columns alignfull stk-block-columns stk-block stk-bf285ac stk-block-background stk--has-background-overlay\" id=\"Bebidas\" data-block-id=\"bf285ac\"><style>.stk-bf285ac {background-color:#000000 !important;background-image:url(https:\/\/cofficelleida.com\/wp-content\/uploads\/2022\/07\/reservation-background.webp) !important;padding-top:100px !important;padding-bottom:100px !important;margin-bottom:0px !important;}.stk-bf285ac:before{background-color:#000000 !important;opacity:0.7 !important;}@media screen and (max-width:999px){.stk-bf285ac {padding-top:70px !important;padding-bottom:70px !important;}}<\/style><div class=\"stk-row stk-inner-blocks stk-block-content stk-content-align stk-bf285ac-column\">\n<div class=\"wp-block-stackable-column stk-block-column stk-column stk-block stk-eedabc3\" data-v=\"4\" data-block-id=\"eedabc3\"><style>.stk-eedabc3-container{margin-top:0px !important;margin-right:0px !important;margin-bottom:0px !important;margin-left:0px !important;}<\/style><div class=\"stk-column-wrapper stk-block-column__content stk-container stk-eedabc3-container stk--no-background stk--no-padding\"><div class=\"stk-block-content stk-inner-blocks stk-eedabc3-inner-blocks\">\n<div class=\"wp-block-stackable-heading stk-block-heading stk-block-heading--v2 stk-block stk-0a353fb\" id=\"span-style-color-var-theme-palette-color-8-ffffff-class-stk-highlight-\ud83c\udf1e-strong-menu-del-dia-strong-span\" data-block-id=\"0a353fb\"><style>.stk-0a353fb {margin-bottom:25px !important;}.stk-0a353fb .stk-block-heading__text{font-size:45px !important;}@media screen and (max-width:999px){.stk-0a353fb .stk-block-heading__text{font-size:35px !important;}}<\/style><h2 class=\"stk-block-heading__text has-text-align-center\"><span style=\"color: var(--theme-palette-color-8, #ffffff);\" class=\"stk-highlight\">\ud83c\udf1e <strong>men\u00fa del dia<\/strong><\/span><\/h2><\/div>\n\n\n\n<div class=\"wp-block-stackable-image stk-block-image stk-block stk-9bd910e\" data-block-id=\"9bd910e\"><style>.stk-9bd910e .stk-img-wrapper{width:1050px !important;height:221px !important;}@media screen and (max-width:689px){.stk-9bd910e .stk-img-wrapper img{object-fit:fill !important;}}<\/style><figure><span class=\"stk-img-wrapper stk-image--shape-stretch\"><img loading=\"lazy\" decoding=\"async\" class=\"stk-img wp-image-484\" src=\"https:\/\/cofficelleida.com\/wp-content\/uploads\/2022\/07\/blog-hero-background.webp\" width=\"1700\" height=\"445\" srcset=\"https:\/\/cofficelleida.com\/wp-content\/uploads\/2022\/07\/blog-hero-background.webp 1700w, https:\/\/cofficelleida.com\/wp-content\/uploads\/2022\/07\/blog-hero-background-300x79.webp 300w, https:\/\/cofficelleida.com\/wp-content\/uploads\/2022\/07\/blog-hero-background-1024x268.webp 1024w, https:\/\/cofficelleida.com\/wp-content\/uploads\/2022\/07\/blog-hero-background-768x201.webp 768w, https:\/\/cofficelleida.com\/wp-content\/uploads\/2022\/07\/blog-hero-background-1536x402.webp 1536w, https:\/\/cofficelleida.com\/wp-content\/uploads\/2022\/07\/blog-hero-background-750x196.webp 750w\" sizes=\"auto, (max-width: 1700px) 100vw, 1700px\" \/><\/span><\/figure><\/div>\n\n\n\n<div style=\"text-align: center; margin: 20px 0;\">\n  <a href=\"https:\/\/www.canva.com\/design\/DAGo7S8kNCM\/WDa8lNgHVa2KQ6RcpmsybA\/view?utm_content=DAGo7S8kNCM&#038;utm_campaign=designshare&#038;utm_medium=link2&#038;utm_source=uniquelinks&#038;utlId=h5a7ceb053f\" \n     target=\"_blank\" \n     style=\"font-size: 40px; text-decoration: none; color: #FFFFFF; font-weight: bold;\">\n    \ud83d\udc49 \u00a1\u00a1 Ver men\u00fa del d\u00eda \u00a1\u00a1\n  <\/a>\n<\/div>\n\n\n\n<div class=\"wp-block-stackable-button-group stk-block-button-group stk-block stk-59c9a4e\" data-block-id=\"59c9a4e\"><style>.stk-59c9a4e .stk-inner-blocks{column-gap:20px !important;row-gap:20px !important;}<\/style><div class=\"stk-row stk-inner-blocks has-text-align-center stk-block-content stk-button-group\">\n<div class=\"wp-block-stackable-button stk-block-button stk-block stk-f668ccc\" data-block-id=\"f668ccc\"><style>.stk-f668ccc {margin-top:0px !important;margin-right:0px !important;margin-bottom:0px !important;margin-left:0px !important;}.stk-f668ccc .stk-button{padding-top:16px !important;padding-right:35px !important;padding-bottom:16px !important;padding-left:35px !important;}.stk-f668ccc .stk-button:hover:after{background:var(u002du002dtheme-palette-color-2, #55a630) !important;opacity:1 !important;}.stk-f668ccc .stk-button .stk--inner-svg svg:last-child{margin-inline-start:8px !important;}.stk-f668ccc .stk-button__inner-text{font-size:18px !important;font-weight:500 !important;}@media screen and (max-width:999px){.stk-f668ccc .stk-button__inner-text{font-size:18px !important;}}<\/style><a class=\"stk-link stk-button\" href=\"https:\/\/cofficelleida.com\/ca\/contactanos\/\"><span class=\"stk-button__inner-text\">Reserva<\/span><\/a><\/div>\n<\/div><\/div>\n\n\n\n<div class=\"wp-block-stackable-image stk-block-image stk-block stk-96f14f1\" data-block-id=\"96f14f1\"><style>.stk-96f14f1 .stk-img-wrapper{width:1068px !important;height:238px !important;}<\/style><figure><span class=\"stk-img-wrapper stk-image--shape-stretch\"><img loading=\"lazy\" decoding=\"async\" class=\"stk-img wp-image-322\" src=\"https:\/\/cofficelleida.com\/wp-content\/uploads\/2022\/07\/menu-heading-background-4.webp\" width=\"1950\" height=\"495\" srcset=\"https:\/\/cofficelleida.com\/wp-content\/uploads\/2022\/07\/menu-heading-background-4.webp 1950w, https:\/\/cofficelleida.com\/wp-content\/uploads\/2022\/07\/menu-heading-background-4-300x76.webp 300w, https:\/\/cofficelleida.com\/wp-content\/uploads\/2022\/07\/menu-heading-background-4-1024x260.webp 1024w, https:\/\/cofficelleida.com\/wp-content\/uploads\/2022\/07\/menu-heading-background-4-768x195.webp 768w, https:\/\/cofficelleida.com\/wp-content\/uploads\/2022\/07\/menu-heading-background-4-1536x390.webp 1536w, https:\/\/cofficelleida.com\/wp-content\/uploads\/2022\/07\/menu-heading-background-4-750x190.webp 750w\" sizes=\"auto, (max-width: 1950px) 100vw, 1950px\" \/><\/span><\/figure><\/div>\n\n\n\n<div class=\"wp-block-stackable-spacer stk-block-spacer stk--no-padding stk-block stk-57622e3\" data-block-id=\"57622e3\"><style>.stk-57622e3 {height:50px !important;}@media screen and (max-width:999px){.stk-57622e3 {height:30px !important;}}<\/style><\/div>\n\n\n\n<div class=\"wp-block-cover alignfull\" style=\"padding-top:4vw;padding-right:4vw;padding-bottom:4vw;padding-left:4vw;min-height:66vh;aspect-ratio:unset;\"><span aria-hidden=\"true\" class=\"wp-block-cover__background has-black-background-color has-background-dim-100 has-background-dim\"><\/span><div class=\"wp-block-cover__inner-container is-layout-flow wp-block-cover-is-layout-flow\">\n<div class=\"wp-block-group is-content-justification-center is-nowrap is-layout-flex wp-container-core-group-is-layout-3eb4be21 wp-block-group-is-layout-flex\">\n<div class=\"wp-block-stackable-text stk-block-text stk-block stk-e34ff05\" data-block-id=\"e34ff05\"><style>.stk-e34ff05 .stk-block-text__text{font-size:40px !important;color:#ffffff !important;}@media screen and (max-width:999px){.stk-e34ff05 .stk-block-text__text{font-size:40px !important;}}@media screen and (max-width:689px){.stk-e34ff05 .stk-block-text__text{font-size:25px !important;}}<\/style><p class=\"stk-block-text__text has-text-color\"><strong>Men\u00fa del D\u00eda<\/strong><\/p><\/div>\n\n\n\n<div style=\"text-align:\" center; margin: 10px 0;>\n<iframe loading=\"lazy\" title=\"Copia de Men\u00fa del d\u00eda\" src=\"https:\/\/www.canva.com\/design\/DAGo7S8kNCM\/WDa8lNgHVa2KQ6RcpmsybA\/view?embed&amp;meta\" height=\"1000\" width=\"707\" style=\"border: none; border-radius: 8px; width: 707px; height: 1000px;\" allowfullscreen=\"allowfullscreen\" allow=\"fullscreen\"><\/iframe>\n<\/div>\n<\/div>\n<\/div><\/div>\n\n\n\n<div class=\"wp-block-stackable-spacer stk-block-spacer stk--no-padding stk-block stk-d638b6e\" data-block-id=\"d638b6e\"><style>.stk-d638b6e {height:50px !important;}@media screen and (max-width:999px){.stk-d638b6e {height:30px !important;}}<\/style><\/div>\n<\/div><\/div><\/div>\n<\/div><\/div>\n\n\n\n<div class=\"wp-block-stackable-button-group stk-block-button-group stk-block stk-39f9c9c\" data-block-id=\"39f9c9c\"><style>.stk-39f9c9c .stk-inner-blocks{column-gap:20px !important;row-gap:20px !important;}<\/style><div class=\"stk-row stk-inner-blocks has-text-align-center stk-block-content stk-button-group\">\n<div class=\"wp-block-stackable-button stk-block-button stk-block stk-4c1af65\" data-block-id=\"4c1af65\"><style>.stk-4c1af65 {margin-top:0px !important;margin-right:0px !important;margin-bottom:0px !important;margin-left:0px !important;}.stk-4c1af65 .stk-button{padding-top:16px !important;padding-right:35px !important;padding-bottom:16px !important;padding-left:35px !important;}.stk-4c1af65 .stk-button:hover:after{background:var(u002du002dtheme-palette-color-2, #55a630) !important;opacity:1 !important;}.stk-4c1af65 .stk-button .stk--inner-svg svg:last-child{margin-inline-start:8px !important;}.stk-4c1af65 .stk-button__inner-text{font-size:18px !important;font-weight:500 !important;}@media screen and (max-width:999px){.stk-4c1af65 .stk-button__inner-text{font-size:18px !important;}}<\/style><a class=\"stk-link stk-button\" href=\"https:\/\/cofficelleida.com\/ca\/contactanos\/\"><span class=\"stk-button__inner-text\">Reserva<\/span><\/a><\/div>\n<\/div><\/div>","protected":false},"excerpt":{"rendered":"<p>Men\u00fa DEL D\u00cdA \ud83e\udd57 Descubre nuestro men\u00fa del d\u00eda en Lleida, una propuesta sabrosa, equilibrada y pensada para todos los gustos. En Coffice, combinamos ingredientes frescos, recetas caseras y un ambiente acogedor para que cada almuerzo sea una experiencia que quieras repetir.Ideal para comer bien entre semana, r\u00e1pido pero sin perder calidad. Ya sea que [&hellip;]<\/p>\n","protected":false},"author":1,"featured_media":0,"parent":0,"menu_order":0,"comment_status":"closed","ping_status":"closed","template":"","meta":{"footnotes":""},"class_list":["post-1233","page","type-page","status-publish","hentry"],"blocksy_meta":[],"_links":{"self":[{"href":"https:\/\/cofficelleida.com\/ca\/wp-json\/wp\/v2\/pages\/1233","targetHints":{"allow":["GET"]}}],"collection":[{"href":"https:\/\/cofficelleida.com\/ca\/wp-json\/wp\/v2\/pages"}],"about":[{"href":"https:\/\/cofficelleida.com\/ca\/wp-json\/wp\/v2\/types\/page"}],"author":[{"embeddable":true,"href":"https:\/\/cofficelleida.com\/ca\/wp-json\/wp\/v2\/users\/1"}],"replies":[{"embeddable":true,"href":"https:\/\/cofficelleida.com\/ca\/wp-json\/wp\/v2\/comments?post=1233"}],"version-history":[{"count":32,"href":"https:\/\/cofficelleida.com\/ca\/wp-json\/wp\/v2\/pages\/1233\/revisions"}],"predecessor-version":[{"id":1266,"href":"https:\/\/cofficelleida.com\/ca\/wp-json\/wp\/v2\/pages\/1233\/revisions\/1266"}],"wp:attachment":[{"href":"https:\/\/cofficelleida.com\/ca\/wp-json\/wp\/v2\/media?parent=1233"}],"curies":[{"name":"wp","href":"https:\/\/api.w.org\/{rel}","templated":true}]}}